{"id":19240,"date":"2021-05-06T20:17:21","date_gmt":"2021-05-07T01:17:21","guid":{"rendered":"https:\/\/farmerspromise.com\/declaracion-de-accesibilidad\/"},"modified":"2024-07-15T23:59:34","modified_gmt":"2024-07-16T04:59:34","slug":"declaracion-de-accesibilidad","status":"publish","type":"page","link":"https:\/\/farmerspromise.com\/es\/declaracion-de-accesibilidad\/","title":{"rendered":"Declaraci\u00f3n de accesibilidad"},"content":{"rendered":"\t\t<div data-elementor-type=\"wp-page\" data-elementor-id=\"19240\" class=\"elementor elementor-19240 elementor-715\" data-elementor-post-type=\"page\">\n\t\t\t\t\t\t<section data-particle_enable=\"false\" data-particle-mobile-disabled=\"false\" class=\"elementor-section elementor-top-section elementor-element elementor-element-3a50c5e elementor-section-boxed elementor-section-height-default elementor-section-height-default\" data-id=\"3a50c5e\" data-element_type=\"section\" data-e-type=\"section\">\n\t\t\t\t\t\t<div class=\"elementor-container elementor-column-gap-default\">\n\t\t\t\t\t<div class=\"elementor-column elementor-col-100 elementor-top-column elementor-element elementor-element-acbcda0\" data-id=\"acbcda0\" data-element_type=\"column\" data-e-type=\"column\">\n\t\t\t<div class=\"elementor-widget-wrap elementor-element-populated\">\n\t\t\t\t\t\t<div class=\"elementor-element elementor-element-6531d7e elementor-widget elementor-widget-text-editor\" data-id=\"6531d7e\" data-element_type=\"widget\" data-e-type=\"widget\" data-widget_type=\"text-editor.default\">\n\t\t\t\t<div class=\"elementor-widget-container\">\n\t\t\t\t\t\t\t\t\t<h1>Declaraci\u00f3n de accesibilidad<\/h1>\n<a href=\"https:\/\/stg-farmerspromise-fpdevwpml.kinsta.cloud\/\">stg-farmerspromise-fpdevwpml.kinsta.cloud\ufffc <\/a>\n15 de junio de 2021\n<h2 class=\"small\">Estado de cumplimiento<\/h2>\nCreemos firmemente que Internet debe estar disponible y ser accesible para todos, y estamos comprometidos a proporcionar un sitio web que sea accesible para la audiencia m\u00e1s amplia posible, independientemente de las circunstancias y la capacidad.\n\nPara ello, nuestro objetivo es adherirnos lo m\u00e1s estrictamente posible a las Pautas de Accesibilidad al Contenido en la Web 2.1 (WCAG 2.1) del Consorcio World Wide Web (W3C) en el nivel AA. Estas directrices explican c\u00f3mo hacer accesibles los contenidos web a personas con una amplia gama de discapacidades. Cumplir esas directrices nos ayuda a garantizar que el sitio web sea accesible para todas las personas: invidentes, personas con deficiencias motoras, visuales o cognitivas, entre otras.\n\nEste sitio web utiliza diversas tecnolog\u00edas destinadas a hacerlo lo m\u00e1s accesible posible en todo momento. Utilizamos una interfaz con accesibilidad que permite a las personas con discapacidades espec\u00edficas ajustar la IU (interfaz de usuario) del sitio web y dise\u00f1arla a su medida.\n\nAdem\u00e1s, el sitio web utiliza una aplicaci\u00f3n basada en IA que se ejecuta en segundo plano y optimiza su nivel de accesibilidad constantemente. Esta aplicaci\u00f3n corrige el c\u00f3digo HTML del sitio web, adapta su funcionalidad y comportamiento a los lectores de pantalla utilizados por los usuarios invidentes y a las funciones del teclado utilizadas por las personas con deficiencias motrices.\n\nSi desea ponerse en contacto con el propietario del sitio web, utilice el siguiente correo electr\u00f3nico <a href=\"mailto:feedback@farmerspromise.com?subject=Re:%20Website%20Accessibility%20Statement\">feedback@farmerspromise.com.<\/a>\n<h2 class=\"small\">Lector de pantalla y navegaci\u00f3n por teclado<\/h2>\nNuestro sitio web aplica la t\u00e9cnica de atributos ARIA (Aplicaciones de Internet enriquecidas accesibles), junto con diversos cambios de comportamiento, para garantizar que los usuarios invidentes que nos visitan con lectores de pantalla puedan leer, comprender y disfrutar de las funciones del sitio web. En cuanto un usuario con un lector de pantalla entra en el sitio, recibe inmediatamente un aviso para que introduzca el perfil de lector de pantalla y pueda navegar y manejar el sitio con eficacia. A continuaci\u00f3n le mostramos c\u00f3mo nuestro sitio web cubre algunos de los requisitos m\u00e1s importantes de los lectores de pantalla, junto con capturas de pantalla de consola de ejemplos de c\u00f3digo:\n\n<strong>Optimizaci\u00f3n para lectores de pantalla:<\/strong> ejecutamos un proceso en segundo plano que aprende los componentes del sitio web de arriba abajo, para garantizar la conformidad permanente incluso cuando se actualiza el sitio web. En este proceso, proporcionamos a los lectores de pantalla datos significativos utilizando el conjunto de atributos ARIA. Por ejemplo, proporcionamos etiquetas precisas para los formularios; descripciones de iconos procesables (iconos de redes sociales, iconos de b\u00fasqueda, iconos de carrito, etc.); orientaci\u00f3n para la validaci\u00f3n de entradas de formularios; funciones de elementos como botones, men\u00fas, di\u00e1logos modales (ventanas emergentes) y otros.\n\nAdem\u00e1s, el proceso de fondo escanea todas las im\u00e1genes del sitio web y proporciona una descripci\u00f3n precisa y significativa basada en el reconocimiento de objetos como etiqueta ALT (texto alternativo) para las im\u00e1genes que no est\u00e1n descritas. Tambi\u00e9n extraer\u00e1 textos insertados en la imagen, utilizando una tecnolog\u00eda OCR (reconocimiento \u00f3ptico de caracteres). Para activar los ajustes del lector de pantalla en cualquier momento, los usuarios s\u00f3lo tienen que pulsar la combinaci\u00f3n de teclado Alt+1. Los usuarios de lectores de pantalla tambi\u00e9n reciben anuncios autom\u00e1ticos para activar el modo lector de pantalla en cuanto entran en el sitio web.\n\nEstos ajustes son compatibles con todos los lectores de pantalla habituales, incluidos JAWS y NVDA.\n\n<strong>Optimizaci\u00f3n de la navegaci\u00f3n por teclado:<\/strong> El proceso de fondo tambi\u00e9n ajusta el HTML del sitio web y a\u00f1ade varios comportamientos mediante c\u00f3digo JavaScript para que el sitio web sea operable mediante el teclado. Esto incluye la posibilidad de navegar por la web con las teclas Tab y May\u00fas+Tab, manejar desplegables con las flechas del teclado, cerrarlos con Esc, activar botones y enlaces con la tecla Intro, navegar entre elementos de radio y casillas de verificaci\u00f3n con las flechas del teclado y rellenarlos con la barra espaciadora o la tecla Intro.\n\nAdem\u00e1s, los usuarios de teclado encontrar\u00e1n men\u00fas de navegaci\u00f3n r\u00e1pida y omisi\u00f3n de contenidos, disponibles en cualquier momento pulsando Alt+1, o como primer elemento del sitio al navegar con el teclado. El proceso de fondo tambi\u00e9n controla las ventanas emergentes activadas moviendo el foco del teclado hacia ellas en cuanto aparecen, y no permitiendo que el foco se desv\u00ede fuera de \u00e9l.\n\nLos usuarios tambi\u00e9n pueden utilizar atajos como \u00abM\u00bb (men\u00fas), \u00abH\u00bb (encabezados), \u00abF\u00bb (formularios), \u00abB\u00bb (botones) y \u00abG\u00bb (gr\u00e1ficos) para saltar a elementos concretos.\n<h3>Perfiles de discapacidad en nuestro sitio web<\/h3>\n<strong>Perfil seguro para epilepsia:<\/strong> este perfil permite a las personas con epilepsia utilizar el sitio web de forma segura, eliminando el riesgo de convulsiones que provocan las animaciones intermitentes o parpadeantes y las combinaciones de colores arriesgadas.\n\n<strong>Perfil para discapacitados visuales:<\/strong> este perfil ajusta el sitio web para que sea accesible a la mayor\u00eda de los discapacitados visuales, como Degradaci\u00f3n de la vista, Visi\u00f3n perif\u00e9rica, Cataratas, Glaucoma y otros.\n\n<strong>Perfil de discapacidad cognitiva:<\/strong> este perfil ofrece diversas funciones de asistencia para ayudar a los usuarios con discapacidades cognitivas como autismo, dislexia, CVA y otras, a centrarse m\u00e1s f\u00e1cilmente en los elementos esenciales.\n\n<strong>Perfil ADHD Friendly:<\/strong> este perfil reduce significativamente las distracciones y el ruido, para ayudar a las personas con TDAH y trastornos del neurodesarrollo a navegar, leer y centrarse en los elementos esenciales con mayor facilidad.\n\n<strong>Perfil para usuarios invidentes (lectores de pantalla):<\/strong> este perfil ajusta el sitio web para que sea compatible con lectores de pantalla como JAWS, NVDA, VoiceOver y TalkBack. El usuario ciego tiene instalado un lector de pantalla en su ordenador y este sitio es compatible con \u00e9l.\n\n<strong>Perfil de navegaci\u00f3n por teclado (personas con discapacidad motriz):<\/strong> este perfil permite a las personas con discapacidad motriz utilizar el sitio web mediante las teclas Tab, May\u00fas+Tab y Intro. Los usuarios tambi\u00e9n pueden utilizar atajos como \u00abM\u00bb (men\u00fas), \u00abH\u00bb (encabezados), \u00abF\u00bb (formularios), \u00abB\u00bb (botones) y \u00abG\u00bb (gr\u00e1ficos) para saltar a elementos concretos.\n<h3>Ajustes adicionales de interfaz de usuario, dise\u00f1o y legibilidad<\/h3>\n<em>Ajustes de fuente<\/em> &#8211; los usuarios, pueden aumentar y disminuir su tama\u00f1o, cambiar su familia (tipo), ajustar el espaciado, la alineaci\u00f3n, la altura de l\u00ednea y mucho m\u00e1s.\n\n<em>Ajustes de color<\/em>: los usuarios pueden seleccionar varios perfiles de contraste de color, como claro, oscuro, invertido y monocromo. Adem\u00e1s, los usuarios pueden cambiar las paletas de color de t\u00edtulos, textos y fondos, con m\u00e1s de 7 opciones de coloraci\u00f3n diferentes.\n\n<em>Animaciones<\/em>: los usuarios epil\u00e9pticos pueden detener todas las animaciones en ejecuci\u00f3n con s\u00f3lo pulsar un bot\u00f3n. Las animaciones controladas por la interfaz incluyen v\u00eddeos, GIF y transiciones intermitentes CSS.\n\n<em>Resaltar el contenido<\/em>: los usuarios pueden elegir resaltar elementos importantes como enlaces y t\u00edtulos. Tambi\u00e9n pueden elegir resaltar s\u00f3lo los elementos enfocados o sobre los que se desliza el rat\u00f3n.\n\n<em>Silenciamiento de audio<\/em>: los usuarios con dispositivos auditivos pueden sufrir dolores de cabeza u otros problemas debido a la reproducci\u00f3n autom\u00e1tica de audio. Esta opci\u00f3n permite a los usuarios silenciar todo el sitio web al instante.\n\n<em>Trastornos<\/em> cognitivos: utilizamos un motor de b\u00fasqueda vinculado a Wikipedia y Wikcionario, que permite a las personas con trastornos cognitivos descifrar significados de frases, iniciales, jerga y otros.\n\n<em>Funciones adicionales<\/em>: ofrecemos a los usuarios la opci\u00f3n de cambiar el color y el tama\u00f1o del cursor, utilizar un modo de impresi\u00f3n, activar un teclado virtual y muchas otras funciones.\n<h3>Compatibilidad con navegadores y tecnolog\u00edas de apoyo<\/h3>\nNuestro objetivo es admitir la mayor variedad posible de navegadores y tecnolog\u00edas de asistencia, para que nuestros usuarios puedan elegir las herramientas que mejor se adapten a ellos, con las menores limitaciones posibles. Por lo tanto, hemos trabajado muy duro para ser capaces de soportar los principales sistemas que comprenden m\u00e1s del 95% de la cuota de mercado de usuarios, incluyendo Google Chrome, Mozilla Firefox, Apple Safari, Opera y Microsoft Edge, JAWS y NVDA (lectores de pantalla), tanto para Windows como para usuarios de MAC.\n<h3>Notas, comentarios y opiniones<\/h3>\nA pesar de que hacemos todo lo posible para que cualquier persona pueda adaptar el sitio web a sus necesidades, puede haber p\u00e1ginas o secciones que no sean totalmente accesibles, que est\u00e9n en proceso de serlo o que carezcan de una soluci\u00f3n tecnol\u00f3gica adecuada para hacerlas accesibles. Aun as\u00ed, mejoramos continuamente nuestra accesibilidad a\u00f1adiendo, actualizando y mejorando sus opciones y funciones, y desarrollando y adoptando nuevas tecnolog\u00edas. Todo ello para alcanzar un nivel \u00f3ptimo de accesibilidad, siguiendo los avances tecnol\u00f3gicos. Si desea ponerse en contacto con el propietario del sitio web, utilice el siguiente correo electr\u00f3nico <a href=\"mailto:feedback@farmerspromise.com?subject=Re:%20Website%20Accessibility%20Statement\">feedback@farmerspromise.com.<\/a>\t\t\t\t\t\t\t\t<\/div>\n\t\t\t\t<\/div>\n\t\t\t\t\t<\/div>\n\t\t<\/div>\n\t\t\t\t\t<\/div>\n\t\t<\/section>\n\t\t\t\t<\/div>\n\t\t","protected":false},"excerpt":{"rendered":"<p>Declaraci\u00f3n de accesibilidad stg-farmerspromise-fpdevwpml.kinsta.cloud\ufffc 15 de junio de 2021 Estado de cumplimiento Creemos firmemente que Internet debe estar disponible y ser accesible para todos, y estamos comprometidos a proporcionar un sitio web que sea accesible para la audiencia m\u00e1s amplia posible, independientemente de las circunstancias y la capacidad. Para ello, nuestro objetivo es adherirnos lo [&hellip;]<\/p>\n","protected":false},"author":1,"featured_media":0,"parent":0,"menu_order":0,"comment_status":"closed","ping_status":"closed","template":"","meta":{"_seopress_robots_primary_cat":"","_seopress_titles_title":"Declaraci\u00f3n de accesibilidad - Farmer's Promise","_seopress_titles_desc":"Las recetas de Farmer's Promise incluyen patatas rojas, rojizas y amarillas. Nos esforzamos para hacer que nuestras recetas de patatas sean accesibles para todos. ","_seopress_robots_index":"","wprm-recipe-roundup-name":"","wprm-recipe-roundup-description":"","wpupg_custom_link":[],"wpupg_custom_link_behaviour":[],"wpupg_custom_link_nofollow":[],"wpupg_custom_image":[],"wpupg_custom_image_id":[],"ocean_post_layout":"","ocean_both_sidebars_style":"","ocean_both_sidebars_content_width":0,"ocean_both_sidebars_sidebars_width":0,"ocean_sidebar":"0","ocean_second_sidebar":"0","ocean_disable_margins":"enable","ocean_add_body_class":"","ocean_shortcode_before_top_bar":"","ocean_shortcode_after_top_bar":"","ocean_shortcode_before_header":"","ocean_shortcode_after_header":"","ocean_has_shortcode":"","ocean_shortcode_after_title":"","ocean_shortcode_before_footer_widgets":"","ocean_shortcode_after_footer_widgets":"","ocean_shortcode_before_footer_bottom":"","ocean_shortcode_after_footer_bottom":"","ocean_display_top_bar":"default","ocean_display_header":"default","ocean_header_style":"","ocean_center_header_left_menu":"0","ocean_custom_header_template":"0","ocean_custom_logo":0,"ocean_custom_retina_logo":0,"ocean_custom_logo_max_width":0,"ocean_custom_logo_tablet_max_width":0,"ocean_custom_logo_mobile_max_width":0,"ocean_custom_logo_max_height":0,"ocean_custom_logo_tablet_max_height":0,"ocean_custom_logo_mobile_max_height":0,"ocean_header_custom_menu":"0","ocean_menu_typo_font_family":"0","ocean_menu_typo_font_subset":"","ocean_menu_typo_font_size":0,"ocean_menu_typo_font_size_tablet":0,"ocean_menu_typo_font_size_mobile":0,"ocean_menu_typo_font_size_unit":"px","ocean_menu_typo_font_weight":"","ocean_menu_typo_font_weight_tablet":"","ocean_menu_typo_font_weight_mobile":"","ocean_menu_typo_transform":"","ocean_menu_typo_transform_tablet":"","ocean_menu_typo_transform_mobile":"","ocean_menu_typo_line_height":0,"ocean_menu_typo_line_height_tablet":0,"ocean_menu_typo_line_height_mobile":0,"ocean_menu_typo_line_height_unit":"","ocean_menu_typo_spacing":0,"ocean_menu_typo_spacing_tablet":0,"ocean_menu_typo_spacing_mobile":0,"ocean_menu_typo_spacing_unit":"","ocean_menu_link_color":"","ocean_menu_link_color_hover":"","ocean_menu_link_color_active":"","ocean_menu_link_background":"","ocean_menu_link_hover_background":"","ocean_menu_link_active_background":"","ocean_menu_social_links_bg":"","ocean_menu_social_hover_links_bg":"","ocean_menu_social_links_color":"","ocean_menu_social_hover_links_color":"","ocean_disable_title":"default","ocean_disable_heading":"default","ocean_post_title":"","ocean_post_subheading":"","ocean_post_title_style":"","ocean_post_title_background_color":"","ocean_post_title_background":0,"ocean_post_title_bg_image_position":"","ocean_post_title_bg_image_attachment":"","ocean_post_title_bg_image_repeat":"","ocean_post_title_bg_image_size":"","ocean_post_title_height":0,"ocean_post_title_bg_overlay":0.5,"ocean_post_title_bg_overlay_color":"","ocean_disable_breadcrumbs":"default","ocean_breadcrumbs_color":"","ocean_breadcrumbs_separator_color":"","ocean_breadcrumbs_links_color":"","ocean_breadcrumbs_links_hover_color":"","ocean_display_footer_widgets":"default","ocean_display_footer_bottom":"default","ocean_custom_footer_template":"0","osh_disable_topbar_sticky":"default","osh_disable_header_sticky":"default","osh_sticky_header_style":"default","osh_sticky_header_effect":"","osh_custom_sticky_logo":0,"osh_custom_retina_sticky_logo":0,"osh_custom_sticky_logo_height":0,"osh_background_color":"","osh_links_color":"","osh_links_hover_color":"","osh_links_active_color":"","osh_links_bg_color":"","osh_links_hover_bg_color":"","osh_links_active_bg_color":"","osh_menu_social_links_color":"","osh_menu_social_hover_links_color":"","footnotes":""},"class_list":["post-19240","page","type-page","status-publish","hentry","entry"],"_links":{"self":[{"href":"https:\/\/farmerspromise.com\/es\/wp-json\/wp\/v2\/pages\/19240","targetHints":{"allow":["GET"]}}],"collection":[{"href":"https:\/\/farmerspromise.com\/es\/wp-json\/wp\/v2\/pages"}],"about":[{"href":"https:\/\/farmerspromise.com\/es\/wp-json\/wp\/v2\/types\/page"}],"author":[{"embeddable":true,"href":"https:\/\/farmerspromise.com\/es\/wp-json\/wp\/v2\/users\/1"}],"replies":[{"embeddable":true,"href":"https:\/\/farmerspromise.com\/es\/wp-json\/wp\/v2\/comments?post=19240"}],"version-history":[{"count":1,"href":"https:\/\/farmerspromise.com\/es\/wp-json\/wp\/v2\/pages\/19240\/revisions"}],"predecessor-version":[{"id":19241,"href":"https:\/\/farmerspromise.com\/es\/wp-json\/wp\/v2\/pages\/19240\/revisions\/19241"}],"wp:attachment":[{"href":"https:\/\/farmerspromise.com\/es\/wp-json\/wp\/v2\/media?parent=19240"}],"curies":[{"name":"wp","href":"https:\/\/api.w.org\/{rel}","templated":true}]}}