{"id":16117,"date":"2021-04-30T17:57:06","date_gmt":"2021-04-30T22:57:06","guid":{"rendered":"https:\/\/farmerspromise.com\/recipes\/"},"modified":"2024-07-16T00:19:31","modified_gmt":"2024-07-16T05:19:31","slug":"recipes","status":"publish","type":"page","link":"https:\/\/farmerspromise.com\/es\/recipes\/","title":{"rendered":"Recetas"},"content":{"rendered":"\t\t<div data-elementor-type=\"wp-page\" data-elementor-id=\"16117\" class=\"elementor elementor-16117 elementor-19\" data-elementor-post-type=\"page\">\n\t\t\t\t\t\t<section data-particle_enable=\"false\" data-particle-mobile-disabled=\"false\" class=\"elementor-section elementor-top-section elementor-element elementor-element-997844f elementor-section-stretched elementor-section-height-min-height elementor-section-items-bottom elementor-section-full_width elementor-section-height-default\" data-id=\"997844f\" data-element_type=\"section\" data-e-type=\"section\" data-settings=\"{&quot;stretch_section&quot;:&quot;section-stretched&quot;,&quot;background_background&quot;:&quot;classic&quot;}\">\n\t\t\t\t\t\t<div class=\"elementor-container elementor-column-gap-default\">\n\t\t\t\t\t<div class=\"elementor-column elementor-col-100 elementor-top-column elementor-element elementor-element-46a5821 recipes-column\" data-id=\"46a5821\" data-element_type=\"column\" data-e-type=\"column\">\n\t\t\t<div class=\"elementor-widget-wrap elementor-element-populated\">\n\t\t\t\t\t\t<div class=\"elementor-element elementor-element-fa1c024 elementor-widget elementor-widget-menu-anchor\" data-id=\"fa1c024\" data-element_type=\"widget\" data-e-type=\"widget\" data-widget_type=\"menu-anchor.default\">\n\t\t\t\t<div class=\"elementor-widget-container\">\n\t\t\t\t\t\t\t<div class=\"elementor-menu-anchor\" id=\"patatas\"><\/div>\n\t\t\t\t\t\t<\/div>\n\t\t\t\t<\/div>\n\t\t\t\t<div class=\"elementor-element elementor-element-2aee9b2 elementor-widget elementor-widget-heading\" data-id=\"2aee9b2\" data-element_type=\"widget\" data-e-type=\"widget\" data-widget_type=\"heading.default\">\n\t\t\t\t<div class=\"elementor-widget-container\">\n\t\t\t\t\t<h1 class=\"elementor-heading-title elementor-size-default\"><span class=\"fp-heading-bold\">Recetas<\/span><\/h1>\t\t\t\t<\/div>\n\t\t\t\t<\/div>\n\t\t\t\t\t<\/div>\n\t\t<\/div>\n\t\t\t\t\t<\/div>\n\t\t<\/section>\n\t\t\t\t<section data-particle_enable=\"false\" data-particle-mobile-disabled=\"false\" class=\"elementor-section elementor-top-section elementor-element elementor-element-cb92afe elementor-section-full_width elementor-section-stretched elementor-section-height-default elementor-section-height-default\" data-id=\"cb92afe\" data-element_type=\"section\" data-e-type=\"section\" data-settings=\"{&quot;stretch_section&quot;:&quot;section-stretched&quot;,&quot;background_background&quot;:&quot;classic&quot;}\">\n\t\t\t\t\t\t<div class=\"elementor-container elementor-column-gap-default\">\n\t\t\t\t\t<div class=\"elementor-column elementor-col-100 elementor-top-column elementor-element elementor-element-076a47b wood-panel-texture recipe-filter-section\" data-id=\"076a47b\" data-element_type=\"column\" data-e-type=\"column\">\n\t\t\t<div class=\"elementor-widget-wrap elementor-element-populated\">\n\t\t\t\t\t\t<div class=\"elementor-element elementor-element-31c3e25 elementor-widget elementor-widget-text-editor\" data-id=\"31c3e25\" data-element_type=\"widget\" data-e-type=\"widget\" data-widget_type=\"text-editor.default\">\n\t\t\t\t<div class=\"elementor-widget-container\">\n\t\t\t\t\t\t\t\t\t<p><span style=\"font-family: Spinnaker; font-weight: 600; font-size: 36px; color: #ba5d00; letter-spacing: 1.3px; text-transform: uppercase;\">Nosotros prometemos&#8230;<\/span><\/p>\n\t\t\t\t\t\t\t\t<\/div>\n\t\t\t\t<\/div>\n\t\t\t\t<div class=\"elementor-element elementor-element-954f962 elementor-widget elementor-widget-text-editor\" data-id=\"954f962\" data-element_type=\"widget\" data-e-type=\"widget\" data-widget_type=\"text-editor.default\">\n\t\t\t\t<div class=\"elementor-widget-container\">\n\t\t\t\t\t\t\t\t\t<p>para darle inspiraci\u00f3n para servir excelentes comidas a su familia. <\/p>\n<p>\u00bfEs Mucho Pedir? Apuesta.<\/p>\n\t\t\t\t\t\t\t\t<\/div>\n\t\t\t\t<\/div>\n\t\t\t\t<div class=\"elementor-element elementor-element-dab44fd elementor-widget elementor-widget-heading\" data-id=\"dab44fd\" data-element_type=\"widget\" data-e-type=\"widget\" data-widget_type=\"heading.default\">\n\t\t\t\t<div class=\"elementor-widget-container\">\n\t\t\t\t\t<h2 class=\"elementor-heading-title elementor-size-default\">Filtrar por:<\/h2>\t\t\t\t<\/div>\n\t\t\t\t<\/div>\n\t\t\t\t<div class=\"elementor-element elementor-element-e68c02b elementor-nav-menu__align-justify elementor-nav-menu--dropdown-none recipe-filter-nav-dropdowns elementor-widget elementor-widget-nav-menu\" data-id=\"e68c02b\" data-element_type=\"widget\" data-e-type=\"widget\" data-settings=\"{&quot;layout&quot;:&quot;horizontal&quot;,&quot;submenu_icon&quot;:{&quot;value&quot;:&quot;&lt;svg aria-hidden=\\&quot;true\\&quot; class=\\&quot;e-font-icon-svg e-fas-caret-down\\&quot; viewBox=\\&quot;0 0 320 512\\&quot; xmlns=\\&quot;http:\\\/\\\/www.w3.org\\\/2000\\\/svg\\&quot;&gt;&lt;path d=\\&quot;M31.3 192h257.3c17.8 0 26.7 21.5 14.1 34.1L174.1 354.8c-7.8 7.8-20.5 7.8-28.3 0L17.2 226.1C4.6 213.5 13.5 192 31.3 192z\\&quot;&gt;&lt;\\\/path&gt;&lt;\\\/svg&gt;&quot;,&quot;library&quot;:&quot;fa-solid&quot;}}\" data-widget_type=\"nav-menu.default\">\n\t\t\t\t<div class=\"elementor-widget-container\">\n\t\t\t\t\t\t\t\t<nav aria-label=\"Men\u00fa\" class=\"elementor-nav-menu--main elementor-nav-menu__container elementor-nav-menu--layout-horizontal e--pointer-none\">\n\t\t\t\t<ul id=\"menu-1-e68c02b\" class=\"elementor-nav-menu\"><li class=\"menu-item menu-item-type-custom menu-item-object-custom menu-item-16933\"><a class=\"elementor-item\">Platos y Ocasiones<\/a><\/li>\n<li class=\"menu-item menu-item-type-custom menu-item-object-custom menu-item-16940\"><a class=\"elementor-item\">Disfr\u00fatalos<\/a><\/li>\n<li class=\"menu-item menu-item-type-custom menu-item-object-custom menu-item-16949\"><a class=\"elementor-item\">R\u00e1pido y F\u00e1cil<\/a><\/li>\n<li class=\"menu-item menu-item-type-custom menu-item-object-custom menu-item-16953\"><a href=\"#\" class=\"elementor-item elementor-item-anchor\">Producto de Cebolla<\/a><\/li>\n<li class=\"menu-item menu-item-type-custom menu-item-object-custom menu-item-16957\"><a href=\"#\" class=\"elementor-item elementor-item-anchor\">Producto de Papa<\/a><\/li>\n<li class=\"menu-item menu-item-type-custom menu-item-object-custom menu-item-has-children menu-item-16963\"><a href=\"#\" class=\"elementor-item elementor-item-anchor\">Formas de Cocinar<\/a>\n<ul class=\"sub-menu elementor-nav-menu--dropdown\">\n\t<li class=\"menu-item menu-item-type-post_type menu-item-object-page menu-item-16964\"><a href=\"https:\/\/farmerspromise.com\/es\/recipes-index\/smoker\/\" class=\"elementor-sub-item\">Recetas para Ahumador<\/a><\/li>\n<\/ul>\n<\/li>\n<\/ul>\t\t\t<\/nav>\n\t\t\t\t\t\t<nav class=\"elementor-nav-menu--dropdown elementor-nav-menu__container\" aria-hidden=\"true\">\n\t\t\t\t<ul id=\"menu-2-e68c02b\" class=\"elementor-nav-menu\"><li class=\"menu-item menu-item-type-custom menu-item-object-custom menu-item-16933\"><a class=\"elementor-item\" tabindex=\"-1\">Platos y Ocasiones<\/a><\/li>\n<li class=\"menu-item menu-item-type-custom menu-item-object-custom menu-item-16940\"><a class=\"elementor-item\" tabindex=\"-1\">Disfr\u00fatalos<\/a><\/li>\n<li class=\"menu-item menu-item-type-custom menu-item-object-custom menu-item-16949\"><a class=\"elementor-item\" tabindex=\"-1\">R\u00e1pido y F\u00e1cil<\/a><\/li>\n<li class=\"menu-item menu-item-type-custom menu-item-object-custom menu-item-16953\"><a href=\"#\" class=\"elementor-item elementor-item-anchor\" tabindex=\"-1\">Producto de Cebolla<\/a><\/li>\n<li class=\"menu-item menu-item-type-custom menu-item-object-custom menu-item-16957\"><a href=\"#\" class=\"elementor-item elementor-item-anchor\" tabindex=\"-1\">Producto de Papa<\/a><\/li>\n<li class=\"menu-item menu-item-type-custom menu-item-object-custom menu-item-has-children menu-item-16963\"><a href=\"#\" class=\"elementor-item elementor-item-anchor\" tabindex=\"-1\">Formas de Cocinar<\/a>\n<ul class=\"sub-menu elementor-nav-menu--dropdown\">\n\t<li class=\"menu-item menu-item-type-post_type menu-item-object-page menu-item-16964\"><a href=\"https:\/\/farmerspromise.com\/es\/recipes-index\/smoker\/\" class=\"elementor-sub-item\" tabindex=\"-1\">Recetas para Ahumador<\/a><\/li>\n<\/ul>\n<\/li>\n<\/ul>\t\t\t<\/nav>\n\t\t\t\t\t\t<\/div>\n\t\t\t\t<\/div>\n\t\t\t\t\t<\/div>\n\t\t<\/div>\n\t\t\t\t\t<\/div>\n\t\t<\/section>\n\t\t\t\t<section data-particle_enable=\"false\" data-particle-mobile-disabled=\"false\" class=\"elementor-section elementor-top-section elementor-element elementor-element-97bba2c elementor-section-full_width elementor-section-height-min-height lets-eat elementor-section-height-default elementor-section-items-middle\" data-id=\"97bba2c\" data-element_type=\"section\" data-e-type=\"section\" data-settings=\"{&quot;background_background&quot;:&quot;classic&quot;}\">\n\t\t\t\t\t\t<div class=\"elementor-container elementor-column-gap-default\">\n\t\t\t\t\t<div class=\"elementor-column elementor-col-50 elementor-top-column elementor-element elementor-element-e333891 lets-eat-text\" data-id=\"e333891\" data-element_type=\"column\" data-e-type=\"column\" data-settings=\"{&quot;background_background&quot;:&quot;classic&quot;}\">\n\t\t\t<div class=\"elementor-widget-wrap elementor-element-populated\">\n\t\t\t\t\t\t<div class=\"elementor-element elementor-element-8b4b79f elementor-widget__width-auto elementor-widget elementor-widget-image\" data-id=\"8b4b79f\" data-element_type=\"widget\" data-e-type=\"widget\" data-widget_type=\"image.default\">\n\t\t\t\t<div class=\"elementor-widget-container\">\n\t\t\t\t\t\t\t\t\t\t\t\t\t\t\t<img decoding=\"async\" src=\"https:\/\/spcdn.shortpixel.ai\/spio\/ret_img,q_cdnize,to_webp,s_webp\/farmerspromise.com\/wp-content\/uploads\/2021\/05\/fork-part-1.png\" title=\"Fork Graphic\" alt=\"Fork Graphic\" loading=\"lazy\" \/>\t\t\t\t\t\t\t\t\t\t\t\t\t\t\t<\/div>\n\t\t\t\t<\/div>\n\t\t\t\t<div class=\"elementor-element elementor-element-7355b23 elementor-widget__width-auto elementor-widget elementor-widget-heading\" data-id=\"7355b23\" data-element_type=\"widget\" data-e-type=\"widget\" data-widget_type=\"heading.default\">\n\t\t\t\t<div class=\"elementor-widget-container\">\n\t\t\t\t\t<h2 class=\"elementor-heading-title elementor-size-default\">VAMOS A COMER<\/h2>\t\t\t\t<\/div>\n\t\t\t\t<\/div>\n\t\t\t\t<div class=\"elementor-element elementor-element-3639e99 elementor-widget__width-auto elementor-widget elementor-widget-image\" data-id=\"3639e99\" data-element_type=\"widget\" data-e-type=\"widget\" data-widget_type=\"image.default\">\n\t\t\t\t<div class=\"elementor-widget-container\">\n\t\t\t\t\t\t\t\t\t\t\t\t\t\t\t<img decoding=\"async\" src=\"https:\/\/spcdn.shortpixel.ai\/spio\/ret_img,q_cdnize,to_webp,s_webp\/farmerspromise.com\/wp-content\/uploads\/2021\/05\/fork-part-2.png\" title=\"Fork Graphic\" alt=\"Fork Graphic\" loading=\"lazy\" \/>\t\t\t\t\t\t\t\t\t\t\t\t\t\t\t<\/div>\n\t\t\t\t<\/div>\n\t\t\t\t\t<\/div>\n\t\t<\/div>\n\t\t\t\t<div class=\"elementor-column elementor-col-50 elementor-top-column elementor-element elementor-element-2378e8c floral-graphic\" data-id=\"2378e8c\" data-element_type=\"column\" data-e-type=\"column\">\n\t\t\t<div class=\"elementor-widget-wrap elementor-element-populated\">\n\t\t\t\t\t\t<div class=\"elementor-element elementor-element-afdf677 elementor-widget__width-initial elementor-widget elementor-widget-image\" data-id=\"afdf677\" data-element_type=\"widget\" data-e-type=\"widget\" data-widget_type=\"image.default\">\n\t\t\t\t<div class=\"elementor-widget-container\">\n\t\t\t\t\t\t\t\t\t\t\t\t\t\t\t<img decoding=\"async\" src=\"https:\/\/spcdn.shortpixel.ai\/spio\/ret_img,q_cdnize,to_webp,s_webp\/farmerspromise.com\/wp-content\/uploads\/2021\/05\/home-graphic-left.png\" title=\"\" alt=\"\" loading=\"lazy\" \/>\t\t\t\t\t\t\t\t\t\t\t\t\t\t\t<\/div>\n\t\t\t\t<\/div>\n\t\t\t\t<div class=\"elementor-element elementor-element-93e8a83 elementor-widget__width-initial elementor-widget elementor-widget-image\" data-id=\"93e8a83\" data-element_type=\"widget\" data-e-type=\"widget\" data-widget_type=\"image.default\">\n\t\t\t\t<div class=\"elementor-widget-container\">\n\t\t\t\t\t\t\t\t\t\t\t\t\t\t\t<img decoding=\"async\" src=\"https:\/\/spcdn.shortpixel.ai\/spio\/ret_img,q_cdnize,to_webp,s_webp\/farmerspromise.com\/wp-content\/uploads\/2021\/05\/home-graphic-right.png\" title=\"\" alt=\"\" loading=\"lazy\" \/>\t\t\t\t\t\t\t\t\t\t\t\t\t\t\t<\/div>\n\t\t\t\t<\/div>\n\t\t\t\t\t<\/div>\n\t\t<\/div>\n\t\t\t\t\t<\/div>\n\t\t<\/section>\n\t\t\t\t<section data-particle_enable=\"false\" data-particle-mobile-disabled=\"false\" class=\"elementor-section elementor-top-section elementor-element elementor-element-97a7362 elementor-section-stretched elementor-section-boxed elementor-section-height-default elementor-section-height-default\" data-id=\"97a7362\" data-element_type=\"section\" data-e-type=\"section\" data-settings=\"{&quot;stretch_section&quot;:&quot;section-stretched&quot;,&quot;background_background&quot;:&quot;classic&quot;}\">\n\t\t\t\t\t\t<div class=\"elementor-container elementor-column-gap-default\">\n\t\t\t\t\t<div class=\"elementor-column elementor-col-100 elementor-top-column elementor-element elementor-element-bedc886\" data-id=\"bedc886\" data-element_type=\"column\" data-e-type=\"column\">\n\t\t\t<div class=\"elementor-widget-wrap elementor-element-populated\">\n\t\t\t\t\t\t<div class=\"elementor-element elementor-element-31cb2c3 elementor-invisible elementor-widget elementor-widget-shortcode\" data-id=\"31cb2c3\" data-element_type=\"widget\" data-e-type=\"widget\" data-settings=\"{&quot;_animation&quot;:&quot;zoomIn&quot;,&quot;_animation_delay&quot;:300}\" data-widget_type=\"shortcode.default\">\n\t\t\t\t<div class=\"elementor-widget-container\">\n\t\t\t\t\t\t\t<div class=\"elementor-shortcode\"><div id=\"wpupg-grid-with-filters-farmers-promise-3-column-grid-random-recipes\" class=\"wpupg-grid-with-filters\"><div id=\"wpupg-grid-container-farmers-promise-3-column-grid-random-recipes\" class=\"wpupg-grid-container\"><style>#wpupg-grid-farmers-promise-3-column-grid-random-recipes .wpupg-item { width: 100%; max-width: 414px; margin: 10px; } #wpupg-grid-farmers-promise-3-column-grid-random-recipes { margin: 0 -10px;}<\/style><div id=\"wpupg-grid-farmers-promise-3-column-grid-random-recipes\" class=\"wpupg-grid wpupg-grid-loading\" data-grid-id=\"8922\"><a class=\"wpupg-item wpupg-item-post wpupg-item-16505 wpupg-type-wprm_recipe wpupg-item-has-image wpupg-template-farmers-promise-recipe-block-for-featured-recipes-h3 wpupg-item-link\" href=\"https:\/\/farmerspromise.com\/es\/recipe\/garlic-herbed-skillet-potatoes\/\" target=\"_self\" data-id=\"16505\" data-order-default=\"0.18154600 1775552433\"><div class=\"fp-grid-container\">\n\t<div class=\"wpupg-item-image wpupg-block-image-normal wpupg-align-center\"><img fetchpriority=\"high\" decoding=\"async\" style=\"border-width: 0px;border-style: solid;border-color: #666666;\" width=\"500\" height=\"333\" src=\"https:\/\/farmerspromise.com\/wp-content\/uploads\/2022\/07\/Red-Garlic-herbed-skillet-Potatoes.jpg\" class=\"skip-lazy disable-lazyload attachment-500x999 size-500x999\" alt=\"Red Garlic Herbed Skillet Potatoes\" srcset=\"https:\/\/farmerspromise.com\/wp-content\/uploads\/2022\/07\/Red-Garlic-herbed-skillet-Potatoes.jpg 2560w, https:\/\/farmerspromise.com\/wp-content\/uploads\/2022\/07\/Red-Garlic-herbed-skillet-Potatoes-300x200.jpg 300w, https:\/\/farmerspromise.com\/wp-content\/uploads\/2022\/07\/Red-Garlic-herbed-skillet-Potatoes-1024x683.jpg 1024w, https:\/\/farmerspromise.com\/wp-content\/uploads\/2022\/07\/Red-Garlic-herbed-skillet-Potatoes-768x512.jpg 768w, https:\/\/farmerspromise.com\/wp-content\/uploads\/2022\/07\/Red-Garlic-herbed-skillet-Potatoes-1536x1024.jpg 1536w, https:\/\/farmerspromise.com\/wp-content\/uploads\/2022\/07\/Red-Garlic-herbed-skillet-Potatoes-2048x1366.jpg 2048w\" sizes=\"(max-width: 500px) 100vw, 500px\" \/><\/div>\n\t<div class=\"wpupg-template-farmers-promise-recipe-block-for-featured-recipes-h3-container\">\n    \t<h3 class=\"wpupg-item-title wpupg-block-text-bold\">Papas Al Sart\u00e9n Con Ajo Y Hierbas<\/h3>\n\t<\/div>\n<\/div><\/a><a class=\"wpupg-item wpupg-item-post wpupg-item-16415 wpupg-type-wprm_recipe wpupg-item-has-image wpupg-template-farmers-promise-recipe-block-for-featured-recipes-h3 wpupg-item-link\" href=\"https:\/\/farmerspromise.com\/es\/recipe\/chimichurri-steak-with-red-onions\/\" target=\"_self\" data-id=\"16415\" data-order-default=\"0.18713000 1775552433\"><div class=\"fp-grid-container\">\n\t<div class=\"wpupg-item-image wpupg-block-image-normal wpupg-align-center\"><img decoding=\"async\" style=\"border-width: 0px;border-style: solid;border-color: #666666;\" width=\"500\" height=\"333\" src=\"https:\/\/farmerspromise.com\/wp-content\/uploads\/2021\/06\/Chimichurri-Steak-with-Red-Onions.jpg\" class=\"skip-lazy disable-lazyload attachment-500x999 size-500x999\" alt=\"Grilled steak with chimichurri and onions\" srcset=\"https:\/\/farmerspromise.com\/wp-content\/uploads\/2021\/06\/Chimichurri-Steak-with-Red-Onions.jpg 1140w, https:\/\/farmerspromise.com\/wp-content\/uploads\/2021\/06\/Chimichurri-Steak-with-Red-Onions-300x200.jpg 300w, https:\/\/farmerspromise.com\/wp-content\/uploads\/2021\/06\/Chimichurri-Steak-with-Red-Onions-1024x683.jpg 1024w, https:\/\/farmerspromise.com\/wp-content\/uploads\/2021\/06\/Chimichurri-Steak-with-Red-Onions-768x512.jpg 768w\" sizes=\"(max-width: 500px) 100vw, 500px\" \/><\/div>\n\t<div class=\"wpupg-template-farmers-promise-recipe-block-for-featured-recipes-h3-container\">\n    \t<h3 class=\"wpupg-item-title wpupg-block-text-bold\">Bistec Chimichurri Con Cebollas Rojas<\/h3>\n\t<\/div>\n<\/div><\/a><a class=\"wpupg-item wpupg-item-post wpupg-item-17317 wpupg-type-wprm_recipe wpupg-item-has-image wpupg-template-farmers-promise-recipe-block-for-featured-recipes-h3 wpupg-item-link\" href=\"https:\/\/farmerspromise.com\/es\/recipe\/red-potato-salad-with-herb-vinaigrette\/\" target=\"_self\" data-id=\"17317\" data-order-default=\"0.18961200 1775552433\"><div class=\"fp-grid-container\">\n\t<div class=\"wpupg-item-image wpupg-block-image-normal wpupg-align-center\"><img decoding=\"async\" style=\"border-width: 0px;border-style: solid;border-color: #666666;\" width=\"500\" height=\"333\" src=\"https:\/\/farmerspromise.com\/wp-content\/uploads\/2021\/06\/Red-Potato-Salad-with-Herb-Viniagrette.jpg\" class=\"skip-lazy disable-lazyload attachment-500x999 size-500x999\" alt=\"How to make potato salad: Red Potato Salad with Herb Viniagrette\" srcset=\"https:\/\/farmerspromise.com\/wp-content\/uploads\/2021\/06\/Red-Potato-Salad-with-Herb-Viniagrette.jpg 1140w, https:\/\/farmerspromise.com\/wp-content\/uploads\/2021\/06\/Red-Potato-Salad-with-Herb-Viniagrette-300x200.jpg 300w, https:\/\/farmerspromise.com\/wp-content\/uploads\/2021\/06\/Red-Potato-Salad-with-Herb-Viniagrette-1024x683.jpg 1024w, https:\/\/farmerspromise.com\/wp-content\/uploads\/2021\/06\/Red-Potato-Salad-with-Herb-Viniagrette-768x512.jpg 768w\" sizes=\"(max-width: 500px) 100vw, 500px\" \/><\/div>\n\t<div class=\"wpupg-template-farmers-promise-recipe-block-for-featured-recipes-h3-container\">\n    \t<h3 class=\"wpupg-item-title wpupg-block-text-bold\">Ensalada De Papas Rojas Con Vinagreta De Hierbas<\/h3>\n\t<\/div>\n<\/div><\/a><\/div><\/div><\/div><\/div>\n\t\t\t\t\t\t<\/div>\n\t\t\t\t<\/div>\n\t\t\t\t<div class=\"elementor-element elementor-element-0877f50 fp-button elementor-widget__width-auto elementor-widget elementor-widget-text-editor\" data-id=\"0877f50\" data-element_type=\"widget\" data-e-type=\"widget\" data-widget_type=\"text-editor.default\">\n\t\t\t\t<div class=\"elementor-widget-container\">\n\t\t\t\t\t\t\t\t\t<p><a style=\"background-color: var( --e-global-color-accent );\" href=\"https:\/\/farmerspromise.com\/es\/recipes-index\/\">VER TODAS LAS RECETAS<\/a><\/p>\n\t\t\t\t\t\t\t\t<\/div>\n\t\t\t\t<\/div>\n\t\t\t\t\t<\/div>\n\t\t<\/div>\n\t\t\t\t\t<\/div>\n\t\t<\/section>\n\t\t\t\t<\/div>\n\t\t","protected":false},"excerpt":{"rendered":"<p>Recetas Nosotros prometemos&#8230; para darle inspiraci\u00f3n para servir excelentes comidas a su familia. \u00bfEs Mucho Pedir? Apuesta. Filtrar por: VAMOS A COMER VER TODAS LAS RECETAS<\/p>\n","protected":false},"author":1,"featured_media":0,"parent":0,"menu_order":0,"comment_status":"closed","ping_status":"closed","template":"","meta":{"_seopress_robots_primary_cat":"","_seopress_titles_title":"Recetas - Promesa del Agricultor","_seopress_titles_desc":"Las recetas de pur\u00e9 de patatas y las recetas de patatas asadas son s\u00f3lo dos de las variedades de recetas de patatas que tenemos aqu\u00ed, en Farmer's Promise.","_seopress_robots_index":"","wprm-recipe-roundup-name":"","wprm-recipe-roundup-description":"","wpupg_custom_link":[],"wpupg_custom_link_behaviour":["default"],"wpupg_custom_link_nofollow":[],"wpupg_custom_image":[],"wpupg_custom_image_id":[],"ocean_post_layout":"","ocean_both_sidebars_style":"","ocean_both_sidebars_content_width":0,"ocean_both_sidebars_sidebars_width":0,"ocean_sidebar":"0","ocean_second_sidebar":"0","ocean_disable_margins":"enable","ocean_add_body_class":"","ocean_shortcode_before_top_bar":"","ocean_shortcode_after_top_bar":"","ocean_shortcode_before_header":"","ocean_shortcode_after_header":"","ocean_has_shortcode":"","ocean_shortcode_after_title":"","ocean_shortcode_before_footer_widgets":"","ocean_shortcode_after_footer_widgets":"","ocean_shortcode_before_footer_bottom":"","ocean_shortcode_after_footer_bottom":"","ocean_display_top_bar":"default","ocean_display_header":"default","ocean_header_style":"","ocean_center_header_left_menu":"0","ocean_custom_header_template":"0","ocean_custom_logo":0,"ocean_custom_retina_logo":0,"ocean_custom_logo_max_width":0,"ocean_custom_logo_tablet_max_width":0,"ocean_custom_logo_mobile_max_width":0,"ocean_custom_logo_max_height":0,"ocean_custom_logo_tablet_max_height":0,"ocean_custom_logo_mobile_max_height":0,"ocean_header_custom_menu":"0","ocean_menu_typo_font_family":"0","ocean_menu_typo_font_subset":"","ocean_menu_typo_font_size":0,"ocean_menu_typo_font_size_tablet":0,"ocean_menu_typo_font_size_mobile":0,"ocean_menu_typo_font_size_unit":"px","ocean_menu_typo_font_weight":"","ocean_menu_typo_font_weight_tablet":"","ocean_menu_typo_font_weight_mobile":"","ocean_menu_typo_transform":"","ocean_menu_typo_transform_tablet":"","ocean_menu_typo_transform_mobile":"","ocean_menu_typo_line_height":0,"ocean_menu_typo_line_height_tablet":0,"ocean_menu_typo_line_height_mobile":0,"ocean_menu_typo_line_height_unit":"","ocean_menu_typo_spacing":0,"ocean_menu_typo_spacing_tablet":0,"ocean_menu_typo_spacing_mobile":0,"ocean_menu_typo_spacing_unit":"","ocean_menu_link_color":"","ocean_menu_link_color_hover":"","ocean_menu_link_color_active":"","ocean_menu_link_background":"","ocean_menu_link_hover_background":"","ocean_menu_link_active_background":"","ocean_menu_social_links_bg":"","ocean_menu_social_hover_links_bg":"","ocean_menu_social_links_color":"","ocean_menu_social_hover_links_color":"","ocean_disable_title":"default","ocean_disable_heading":"default","ocean_post_title":"","ocean_post_subheading":"","ocean_post_title_style":"","ocean_post_title_background_color":"","ocean_post_title_background":0,"ocean_post_title_bg_image_position":"","ocean_post_title_bg_image_attachment":"","ocean_post_title_bg_image_repeat":"","ocean_post_title_bg_image_size":"","ocean_post_title_height":0,"ocean_post_title_bg_overlay":0.5,"ocean_post_title_bg_overlay_color":"","ocean_disable_breadcrumbs":"default","ocean_breadcrumbs_color":"","ocean_breadcrumbs_separator_color":"","ocean_breadcrumbs_links_color":"","ocean_breadcrumbs_links_hover_color":"","ocean_display_footer_widgets":"default","ocean_display_footer_bottom":"default","ocean_custom_footer_template":"0","osh_disable_topbar_sticky":"default","osh_disable_header_sticky":"default","osh_sticky_header_style":"default","osh_sticky_header_effect":"","osh_custom_sticky_logo":0,"osh_custom_retina_sticky_logo":0,"osh_custom_sticky_logo_height":0,"osh_background_color":"","osh_links_color":"","osh_links_hover_color":"","osh_links_active_color":"","osh_links_bg_color":"","osh_links_hover_bg_color":"","osh_links_active_bg_color":"","osh_menu_social_links_color":"","osh_menu_social_hover_links_color":"","footnotes":""},"class_list":["post-16117","page","type-page","status-publish","hentry","entry"],"_links":{"self":[{"href":"https:\/\/farmerspromise.com\/es\/wp-json\/wp\/v2\/pages\/16117","targetHints":{"allow":["GET"]}}],"collection":[{"href":"https:\/\/farmerspromise.com\/es\/wp-json\/wp\/v2\/pages"}],"about":[{"href":"https:\/\/farmerspromise.com\/es\/wp-json\/wp\/v2\/types\/page"}],"author":[{"embeddable":true,"href":"https:\/\/farmerspromise.com\/es\/wp-json\/wp\/v2\/users\/1"}],"replies":[{"embeddable":true,"href":"https:\/\/farmerspromise.com\/es\/wp-json\/wp\/v2\/comments?post=16117"}],"version-history":[{"count":2,"href":"https:\/\/farmerspromise.com\/es\/wp-json\/wp\/v2\/pages\/16117\/revisions"}],"predecessor-version":[{"id":19243,"href":"https:\/\/farmerspromise.com\/es\/wp-json\/wp\/v2\/pages\/16117\/revisions\/19243"}],"wp:attachment":[{"href":"https:\/\/farmerspromise.com\/es\/wp-json\/wp\/v2\/media?parent=16117"}],"curies":[{"name":"wp","href":"https:\/\/api.w.org\/{rel}","templated":true}]}}